{"id":18520,"date":"2022-08-10T17:04:03","date_gmt":"2022-08-10T17:04:03","guid":{"rendered":"http:\/\/staging.shop-pop.nl\/product\/kids-rw-polo-iconic-chest\/"},"modified":"2022-08-15T17:29:41","modified_gmt":"2022-08-15T17:29:41","slug":"kids-rw-polo-iconic-chest","status":"publish","type":"product","link":"http:\/\/staging.shop-pop.nl\/en\/product\/kids-rw-polo-iconic-chest\/","title":{"rendered":"Kids RW Polo Iconic Chest"},"content":{"rendered":"","protected":false},"excerpt":{"rendered":"<p>Mooie Rood-Wit polo met subtiele print op de borst. Mix en match zelf je favoriete kleur polo \u00e9n de kleur van de opdruk. Verkrijgbaar in h\u00e9\u00e9l veel toffe kleuren en in maten mini tot iets minder mini. Bij twijfel, check de maattabel en meet een polo uit de kast op om te vergelijken.<\/p>","protected":false},"featured_media":16611,"comment_status":"open","ping_status":"closed","template":"","meta":{"om_disable_all_campaigns":false,"_monsterinsights_skip_tracking":false,"_monsterinsights_sitenote_active":false,"_monsterinsights_sitenote_note":"","_monsterinsights_sitenote_category":0},"product_cat":[247,576,400],"product_tag":[338],"acf":[],"yoast_head":"<!-- This site is optimized with the Yoast SEO plugin v19.6 - https:\/\/yoast.com\/wordpress\/plugins\/seo\/ -->\n<title>Kids RW Polo Iconic Chest - Shop POP<\/title>\n<meta name=\"robots\" content=\"index, follow, max-snippet:-1, max-image-preview:large, max-video-preview:-1\" \/>\n<link rel=\"canonical\" href=\"http:\/\/staging.shop-pop.nl\/en\/product\/kids-rw-polo-iconic-chest\/\" \/>\n<meta property=\"og:locale\" content=\"en_US\" \/>\n<meta property=\"og:type\" content=\"article\" \/>\n<meta property=\"og:title\" content=\"Kids RW Polo Iconic Chest - Shop POP\" \/>\n<meta property=\"og:description\" content=\"Mooie Rood-Wit polo met subtiele print op de borst. Mix en match zelf je favoriete kleur polo \u00e9n de kleur van de opdruk. Verkrijgbaar in h\u00e9\u00e9l veel toffe kleuren en in maten mini tot iets minder mini. Bij twijfel, check de maattabel en meet een polo uit de kast op om te vergelijken.\" \/>\n<meta property=\"og:url\" content=\"http:\/\/staging.shop-pop.nl\/en\/product\/kids-rw-polo-iconic-chest\/\" \/>\n<meta property=\"og:site_name\" content=\"Shop POP\" \/>\n<meta property=\"article:modified_time\" content=\"2022-08-15T17:29:41+00:00\" \/>\n<meta property=\"og:image\" content=\"http:\/\/staging.shop-pop.nl\/wp-content\/uploads\/2022\/08\/IMG_8343_2.jpg\" \/>\n\t<meta property=\"og:image:width\" content=\"1200\" \/>\n\t<meta property=\"og:image:height\" content=\"1426\" \/>\n\t<meta property=\"og:image:type\" content=\"image\/jpeg\" \/>\n<meta name=\"twitter:card\" content=\"summary_large_image\" \/>\n<script type=\"application\/ld+json\" class=\"yoast-schema-graph\">{\"@context\":\"https:\/\/schema.org\",\"@graph\":[{\"@type\":\"WebPage\",\"@id\":\"http:\/\/staging.shop-pop.nl\/product\/kids-rw-polo-iconic-chest\/\",\"url\":\"http:\/\/staging.shop-pop.nl\/product\/kids-rw-polo-iconic-chest\/\",\"name\":\"Kids RW Polo Iconic Chest - Shop POP\",\"isPartOf\":{\"@id\":\"http:\/\/staging.shop-pop.nl\/#website\"},\"datePublished\":\"2022-08-10T17:04:03+00:00\",\"dateModified\":\"2022-08-15T17:29:41+00:00\",\"breadcrumb\":{\"@id\":\"http:\/\/staging.shop-pop.nl\/product\/kids-rw-polo-iconic-chest\/#breadcrumb\"},\"inLanguage\":\"en-US\",\"potentialAction\":[{\"@type\":\"ReadAction\",\"target\":[\"http:\/\/staging.shop-pop.nl\/product\/kids-rw-polo-iconic-chest\/\"]}]},{\"@type\":\"BreadcrumbList\",\"@id\":\"http:\/\/staging.shop-pop.nl\/product\/kids-rw-polo-iconic-chest\/#breadcrumb\",\"itemListElement\":[{\"@type\":\"ListItem\",\"position\":1,\"name\":\"Home\",\"item\":\"http:\/\/staging.shop-pop.nl\/\"},{\"@type\":\"ListItem\",\"position\":2,\"name\":\"Shop\",\"item\":\"http:\/\/staging.shop-pop.nl\/shop\/\"},{\"@type\":\"ListItem\",\"position\":3,\"name\":\"Kids RW Polo Iconic Chest\"}]},{\"@type\":\"WebSite\",\"@id\":\"http:\/\/staging.shop-pop.nl\/#website\",\"url\":\"http:\/\/staging.shop-pop.nl\/\",\"name\":\"Shop POP\",\"description\":\"Shop POP\",\"potentialAction\":[{\"@type\":\"SearchAction\",\"target\":{\"@type\":\"EntryPoint\",\"urlTemplate\":\"http:\/\/staging.shop-pop.nl\/?s={search_term_string}\"},\"query-input\":\"required name=search_term_string\"}],\"inLanguage\":\"en-US\"}]}<\/script>\n<!-- \/ Yoast SEO plugin. -->","yoast_head_json":{"title":"Kids RW Polo Iconic Chest - Shop POP","robots":{"index":"index","follow":"follow","max-snippet":"max-snippet:-1","max-image-preview":"max-image-preview:large","max-video-preview":"max-video-preview:-1"},"canonical":"http:\/\/staging.shop-pop.nl\/en\/product\/kids-rw-polo-iconic-chest\/","og_locale":"en_US","og_type":"article","og_title":"Kids RW Polo Iconic Chest - Shop POP","og_description":"Mooie Rood-Wit polo met subtiele print op de borst. Mix en match zelf je favoriete kleur polo \u00e9n de kleur van de opdruk. Verkrijgbaar in h\u00e9\u00e9l veel toffe kleuren en in maten mini tot iets minder mini. Bij twijfel, check de maattabel en meet een polo uit de kast op om te vergelijken.","og_url":"http:\/\/staging.shop-pop.nl\/en\/product\/kids-rw-polo-iconic-chest\/","og_site_name":"Shop POP","article_modified_time":"2022-08-15T17:29:41+00:00","og_image":[{"width":1200,"height":1426,"url":"http:\/\/staging.shop-pop.nl\/wp-content\/uploads\/2022\/08\/IMG_8343_2.jpg","type":"image\/jpeg"}],"twitter_card":"summary_large_image","schema":{"@context":"https:\/\/schema.org","@graph":[{"@type":"WebPage","@id":"http:\/\/staging.shop-pop.nl\/product\/kids-rw-polo-iconic-chest\/","url":"http:\/\/staging.shop-pop.nl\/product\/kids-rw-polo-iconic-chest\/","name":"Kids RW Polo Iconic Chest - Shop POP","isPartOf":{"@id":"http:\/\/staging.shop-pop.nl\/#website"},"datePublished":"2022-08-10T17:04:03+00:00","dateModified":"2022-08-15T17:29:41+00:00","breadcrumb":{"@id":"http:\/\/staging.shop-pop.nl\/product\/kids-rw-polo-iconic-chest\/#breadcrumb"},"inLanguage":"en-US","potentialAction":[{"@type":"ReadAction","target":["http:\/\/staging.shop-pop.nl\/product\/kids-rw-polo-iconic-chest\/"]}]},{"@type":"BreadcrumbList","@id":"http:\/\/staging.shop-pop.nl\/product\/kids-rw-polo-iconic-chest\/#breadcrumb","itemListElement":[{"@type":"ListItem","position":1,"name":"Home","item":"http:\/\/staging.shop-pop.nl\/"},{"@type":"ListItem","position":2,"name":"Shop","item":"http:\/\/staging.shop-pop.nl\/shop\/"},{"@type":"ListItem","position":3,"name":"Kids RW Polo Iconic Chest"}]},{"@type":"WebSite","@id":"http:\/\/staging.shop-pop.nl\/#website","url":"http:\/\/staging.shop-pop.nl\/","name":"Shop POP","description":"Shop POP","potentialAction":[{"@type":"SearchAction","target":{"@type":"EntryPoint","urlTemplate":"http:\/\/staging.shop-pop.nl\/?s={search_term_string}"},"query-input":"required name=search_term_string"}],"inLanguage":"en-US"}]}},"_links":{"self":[{"href":"http:\/\/staging.shop-pop.nl\/en\/wp-json\/wp\/v2\/product\/18520"}],"collection":[{"href":"http:\/\/staging.shop-pop.nl\/en\/wp-json\/wp\/v2\/product"}],"about":[{"href":"http:\/\/staging.shop-pop.nl\/en\/wp-json\/wp\/v2\/types\/product"}],"replies":[{"embeddable":true,"href":"http:\/\/staging.shop-pop.nl\/en\/wp-json\/wp\/v2\/comments?post=18520"}],"wp:featuredmedia":[{"embeddable":true,"href":"http:\/\/staging.shop-pop.nl\/en\/wp-json\/wp\/v2\/media\/16611"}],"wp:attachment":[{"href":"http:\/\/staging.shop-pop.nl\/en\/wp-json\/wp\/v2\/media?parent=18520"}],"wp:term":[{"taxonomy":"product_cat","embeddable":true,"href":"http:\/\/staging.shop-pop.nl\/en\/wp-json\/wp\/v2\/product_cat?post=18520"},{"taxonomy":"product_tag","embeddable":true,"href":"http:\/\/staging.shop-pop.nl\/en\/wp-json\/wp\/v2\/product_tag?post=18520"}],"curies":[{"name":"wp","href":"https:\/\/api.w.org\/{rel}","templated":true}]}}