{"id":18692,"date":"2022-08-10T17:05:18","date_gmt":"2022-08-10T17:05:18","guid":{"rendered":"http:\/\/staging.shop-pop.nl\/?post_type=product&#038;p=18692"},"modified":"2022-09-07T20:27:49","modified_gmt":"2022-09-07T20:27:49","slug":"kids-gw-name-t-shirt","status":"publish","type":"product","link":"http:\/\/staging.shop-pop.nl\/en\/product\/kids-gw-name-t-shirt\/","title":{"rendered":"Kids GW Name T-shirt"},"content":{"rendered":"<ul>\n<li>ronde hals t-shirt voor kinderen<\/li>\n<li>comfortabele pasvorm<\/li>\n<li>100% katoen<\/li>\n<li>Oeko-tex standaard 100<\/li>\n<li>Fair Working Conditions<\/li>\n<li>Reach Conform<\/li>\n<\/ul>","protected":false},"excerpt":{"rendered":"<p>100% katoenen Geel-Wit t-shirt met klein print op de borst \u00e9n jouw naam op de rug! Kies zelf je favoriete kleur t-shirt en vul je naam in. Zo weet je zeker dat je uniek bent \u00e9n dat je nooit meer per ongeluk het verkeerde shirt uit de kleedkamer meeneemt \ud83d\ude42 Verkrijgbaar in h\u00e9\u00e9l veel toffe kleuren en in maten mini tot iets minder mini. Bij twijfel, check de maattabel en meet een t-shirt uit de kast op om te vergelijken.<\/p>","protected":false},"featured_media":16979,"comment_status":"open","ping_status":"closed","template":"","meta":{"om_disable_all_campaigns":false,"_monsterinsights_skip_tracking":false,"_monsterinsights_sitenote_active":false,"_monsterinsights_sitenote_note":"","_monsterinsights_sitenote_category":0},"product_cat":[394,577,400],"product_tag":[],"acf":[],"yoast_head":"<!-- This site is optimized with the Yoast SEO plugin v19.6 - https:\/\/yoast.com\/wordpress\/plugins\/seo\/ -->\n<title>Kids GW Name T-shirt - Shop POP<\/title>\n<meta name=\"robots\" content=\"index, follow, max-snippet:-1, max-image-preview:large, max-video-preview:-1\" \/>\n<link rel=\"canonical\" href=\"http:\/\/staging.shop-pop.nl\/en\/product\/kids-gw-name-t-shirt\/\" \/>\n<meta property=\"og:locale\" content=\"en_US\" \/>\n<meta property=\"og:type\" content=\"article\" \/>\n<meta property=\"og:title\" content=\"Kids GW Name T-shirt - Shop POP\" \/>\n<meta property=\"og:description\" content=\"100% katoenen Geel-Wit t-shirt met klein print op de borst \u00e9n jouw naam op de rug! Kies zelf je favoriete kleur t-shirt en vul je naam in. Zo weet je zeker dat je uniek bent \u00e9n dat je nooit meer per ongeluk het verkeerde shirt uit de kleedkamer meeneemt :) Verkrijgbaar in h\u00e9\u00e9l veel toffe kleuren en in maten mini tot iets minder mini. Bij twijfel, check de maattabel en meet een t-shirt uit de kast op om te vergelijken.\" \/>\n<meta property=\"og:url\" content=\"http:\/\/staging.shop-pop.nl\/en\/product\/kids-gw-name-t-shirt\/\" \/>\n<meta property=\"og:site_name\" content=\"Shop POP\" \/>\n<meta property=\"article:modified_time\" content=\"2022-09-07T20:27:49+00:00\" \/>\n<meta property=\"og:image\" content=\"http:\/\/staging.shop-pop.nl\/wp-content\/uploads\/2022\/08\/GW_model7.jpg\" \/>\n\t<meta property=\"og:image:width\" content=\"1200\" \/>\n\t<meta property=\"og:image:height\" content=\"1425\" \/>\n\t<meta property=\"og:image:type\" content=\"image\/jpeg\" \/>\n<meta name=\"twitter:card\" content=\"summary_large_image\" \/>\n<meta name=\"twitter:label1\" content=\"Est. reading time\" \/>\n\t<meta name=\"twitter:data1\" content=\"1 minute\" \/>\n<script type=\"application\/ld+json\" class=\"yoast-schema-graph\">{\"@context\":\"https:\/\/schema.org\",\"@graph\":[{\"@type\":\"WebPage\",\"@id\":\"http:\/\/staging.shop-pop.nl\/product\/kids-gw-name-t-shirt\/\",\"url\":\"http:\/\/staging.shop-pop.nl\/product\/kids-gw-name-t-shirt\/\",\"name\":\"Kids GW Name T-shirt - Shop POP\",\"isPartOf\":{\"@id\":\"http:\/\/staging.shop-pop.nl\/#website\"},\"datePublished\":\"2022-08-10T17:05:18+00:00\",\"dateModified\":\"2022-09-07T20:27:49+00:00\",\"breadcrumb\":{\"@id\":\"http:\/\/staging.shop-pop.nl\/product\/kids-gw-name-t-shirt\/#breadcrumb\"},\"inLanguage\":\"en-US\",\"potentialAction\":[{\"@type\":\"ReadAction\",\"target\":[\"http:\/\/staging.shop-pop.nl\/product\/kids-gw-name-t-shirt\/\"]}]},{\"@type\":\"BreadcrumbList\",\"@id\":\"http:\/\/staging.shop-pop.nl\/product\/kids-gw-name-t-shirt\/#breadcrumb\",\"itemListElement\":[{\"@type\":\"ListItem\",\"position\":1,\"name\":\"Home\",\"item\":\"http:\/\/staging.shop-pop.nl\/\"},{\"@type\":\"ListItem\",\"position\":2,\"name\":\"Shop\",\"item\":\"http:\/\/staging.shop-pop.nl\/shop\/\"},{\"@type\":\"ListItem\",\"position\":3,\"name\":\"Kids GW Name T-shirt\"}]},{\"@type\":\"WebSite\",\"@id\":\"http:\/\/staging.shop-pop.nl\/#website\",\"url\":\"http:\/\/staging.shop-pop.nl\/\",\"name\":\"Shop POP\",\"description\":\"Shop POP\",\"potentialAction\":[{\"@type\":\"SearchAction\",\"target\":{\"@type\":\"EntryPoint\",\"urlTemplate\":\"http:\/\/staging.shop-pop.nl\/?s={search_term_string}\"},\"query-input\":\"required name=search_term_string\"}],\"inLanguage\":\"en-US\"}]}<\/script>\n<!-- \/ Yoast SEO plugin. -->","yoast_head_json":{"title":"Kids GW Name T-shirt - Shop POP","robots":{"index":"index","follow":"follow","max-snippet":"max-snippet:-1","max-image-preview":"max-image-preview:large","max-video-preview":"max-video-preview:-1"},"canonical":"http:\/\/staging.shop-pop.nl\/en\/product\/kids-gw-name-t-shirt\/","og_locale":"en_US","og_type":"article","og_title":"Kids GW Name T-shirt - Shop POP","og_description":"100% katoenen Geel-Wit t-shirt met klein print op de borst \u00e9n jouw naam op de rug! Kies zelf je favoriete kleur t-shirt en vul je naam in. Zo weet je zeker dat je uniek bent \u00e9n dat je nooit meer per ongeluk het verkeerde shirt uit de kleedkamer meeneemt :) Verkrijgbaar in h\u00e9\u00e9l veel toffe kleuren en in maten mini tot iets minder mini. Bij twijfel, check de maattabel en meet een t-shirt uit de kast op om te vergelijken.","og_url":"http:\/\/staging.shop-pop.nl\/en\/product\/kids-gw-name-t-shirt\/","og_site_name":"Shop POP","article_modified_time":"2022-09-07T20:27:49+00:00","og_image":[{"width":1200,"height":1425,"url":"http:\/\/staging.shop-pop.nl\/wp-content\/uploads\/2022\/08\/GW_model7.jpg","type":"image\/jpeg"}],"twitter_card":"summary_large_image","twitter_misc":{"Est. reading time":"1 minute"},"schema":{"@context":"https:\/\/schema.org","@graph":[{"@type":"WebPage","@id":"http:\/\/staging.shop-pop.nl\/product\/kids-gw-name-t-shirt\/","url":"http:\/\/staging.shop-pop.nl\/product\/kids-gw-name-t-shirt\/","name":"Kids GW Name T-shirt - Shop POP","isPartOf":{"@id":"http:\/\/staging.shop-pop.nl\/#website"},"datePublished":"2022-08-10T17:05:18+00:00","dateModified":"2022-09-07T20:27:49+00:00","breadcrumb":{"@id":"http:\/\/staging.shop-pop.nl\/product\/kids-gw-name-t-shirt\/#breadcrumb"},"inLanguage":"en-US","potentialAction":[{"@type":"ReadAction","target":["http:\/\/staging.shop-pop.nl\/product\/kids-gw-name-t-shirt\/"]}]},{"@type":"BreadcrumbList","@id":"http:\/\/staging.shop-pop.nl\/product\/kids-gw-name-t-shirt\/#breadcrumb","itemListElement":[{"@type":"ListItem","position":1,"name":"Home","item":"http:\/\/staging.shop-pop.nl\/"},{"@type":"ListItem","position":2,"name":"Shop","item":"http:\/\/staging.shop-pop.nl\/shop\/"},{"@type":"ListItem","position":3,"name":"Kids GW Name T-shirt"}]},{"@type":"WebSite","@id":"http:\/\/staging.shop-pop.nl\/#website","url":"http:\/\/staging.shop-pop.nl\/","name":"Shop POP","description":"Shop POP","potentialAction":[{"@type":"SearchAction","target":{"@type":"EntryPoint","urlTemplate":"http:\/\/staging.shop-pop.nl\/?s={search_term_string}"},"query-input":"required name=search_term_string"}],"inLanguage":"en-US"}]}},"_links":{"self":[{"href":"http:\/\/staging.shop-pop.nl\/en\/wp-json\/wp\/v2\/product\/18692"}],"collection":[{"href":"http:\/\/staging.shop-pop.nl\/en\/wp-json\/wp\/v2\/product"}],"about":[{"href":"http:\/\/staging.shop-pop.nl\/en\/wp-json\/wp\/v2\/types\/product"}],"replies":[{"embeddable":true,"href":"http:\/\/staging.shop-pop.nl\/en\/wp-json\/wp\/v2\/comments?post=18692"}],"wp:featuredmedia":[{"embeddable":true,"href":"http:\/\/staging.shop-pop.nl\/en\/wp-json\/wp\/v2\/media\/16979"}],"wp:attachment":[{"href":"http:\/\/staging.shop-pop.nl\/en\/wp-json\/wp\/v2\/media?parent=18692"}],"wp:term":[{"taxonomy":"product_cat","embeddable":true,"href":"http:\/\/staging.shop-pop.nl\/en\/wp-json\/wp\/v2\/product_cat?post=18692"},{"taxonomy":"product_tag","embeddable":true,"href":"http:\/\/staging.shop-pop.nl\/en\/wp-json\/wp\/v2\/product_tag?post=18692"}],"curies":[{"name":"wp","href":"https:\/\/api.w.org\/{rel}","templated":true}]}}