{"id":18909,"date":"2022-08-10T17:06:28","date_gmt":"2022-08-10T17:06:28","guid":{"rendered":"http:\/\/staging.shop-pop.nl\/?post_type=product&#038;p=18909"},"modified":"2022-08-15T17:19:40","modified_gmt":"2022-08-15T17:19:40","slug":"logo-polo-catclub-kids","status":"publish","type":"product","link":"http:\/\/staging.shop-pop.nl\/en\/product\/logo-polo-catclub-kids\/","title":{"rendered":"Logo polo Catclub kids"},"content":{"rendered":"","protected":false},"excerpt":{"rendered":"<p>Mooie Catclub polo met subtiele logo print op de borst. Mix en match zelf je favoriete kleur polo \u00e9n de kleur van de opdruk. Verkrijgbaar in h\u00e9\u00e9l veel toffe kleuren en in maten mini tot iets minder mini. Bij twijfel, check de maattabel en meet een polo uit de kast op om te vergelijken.<\/p>","protected":false},"featured_media":17358,"comment_status":"open","ping_status":"closed","template":"","meta":{"om_disable_all_campaigns":false,"_monsterinsights_skip_tracking":false,"_monsterinsights_sitenote_active":false,"_monsterinsights_sitenote_note":"","_monsterinsights_sitenote_category":0},"product_cat":[478,578,400],"product_tag":[338],"acf":[],"yoast_head":"<!-- This site is optimized with the Yoast SEO plugin v19.6 - https:\/\/yoast.com\/wordpress\/plugins\/seo\/ -->\n<title>Logo polo Catclub kids - Shop POP<\/title>\n<meta name=\"robots\" content=\"index, follow, max-snippet:-1, max-image-preview:large, max-video-preview:-1\" \/>\n<link rel=\"canonical\" href=\"http:\/\/staging.shop-pop.nl\/en\/product\/logo-polo-catclub-kids\/\" \/>\n<meta property=\"og:locale\" content=\"en_US\" \/>\n<meta property=\"og:type\" content=\"article\" \/>\n<meta property=\"og:title\" content=\"Logo polo Catclub kids - Shop POP\" \/>\n<meta property=\"og:description\" content=\"Mooie Catclub polo met subtiele logo print op de borst. Mix en match zelf je favoriete kleur polo \u00e9n de kleur van de opdruk. Verkrijgbaar in h\u00e9\u00e9l veel toffe kleuren en in maten mini tot iets minder mini. Bij twijfel, check de maattabel en meet een polo uit de kast op om te vergelijken.\" \/>\n<meta property=\"og:url\" content=\"http:\/\/staging.shop-pop.nl\/en\/product\/logo-polo-catclub-kids\/\" \/>\n<meta property=\"og:site_name\" content=\"Shop POP\" \/>\n<meta property=\"article:modified_time\" content=\"2022-08-15T17:19:40+00:00\" \/>\n<meta property=\"og:image\" content=\"http:\/\/staging.shop-pop.nl\/wp-content\/uploads\/2022\/08\/Catclub_polo5-1.jpg\" \/>\n\t<meta property=\"og:image:width\" content=\"1200\" \/>\n\t<meta property=\"og:image:height\" content=\"1425\" \/>\n\t<meta property=\"og:image:type\" content=\"image\/jpeg\" \/>\n<meta name=\"twitter:card\" content=\"summary_large_image\" \/>\n<script type=\"application\/ld+json\" class=\"yoast-schema-graph\">{\"@context\":\"https:\/\/schema.org\",\"@graph\":[{\"@type\":\"WebPage\",\"@id\":\"http:\/\/staging.shop-pop.nl\/product\/logo-polo-catclub-kids\/\",\"url\":\"http:\/\/staging.shop-pop.nl\/product\/logo-polo-catclub-kids\/\",\"name\":\"Logo polo Catclub kids - Shop POP\",\"isPartOf\":{\"@id\":\"http:\/\/staging.shop-pop.nl\/#website\"},\"datePublished\":\"2022-08-10T17:06:28+00:00\",\"dateModified\":\"2022-08-15T17:19:40+00:00\",\"breadcrumb\":{\"@id\":\"http:\/\/staging.shop-pop.nl\/product\/logo-polo-catclub-kids\/#breadcrumb\"},\"inLanguage\":\"en-US\",\"potentialAction\":[{\"@type\":\"ReadAction\",\"target\":[\"http:\/\/staging.shop-pop.nl\/product\/logo-polo-catclub-kids\/\"]}]},{\"@type\":\"BreadcrumbList\",\"@id\":\"http:\/\/staging.shop-pop.nl\/product\/logo-polo-catclub-kids\/#breadcrumb\",\"itemListElement\":[{\"@type\":\"ListItem\",\"position\":1,\"name\":\"Home\",\"item\":\"http:\/\/staging.shop-pop.nl\/\"},{\"@type\":\"ListItem\",\"position\":2,\"name\":\"Shop\",\"item\":\"http:\/\/staging.shop-pop.nl\/shop\/\"},{\"@type\":\"ListItem\",\"position\":3,\"name\":\"Logo polo Catclub kids\"}]},{\"@type\":\"WebSite\",\"@id\":\"http:\/\/staging.shop-pop.nl\/#website\",\"url\":\"http:\/\/staging.shop-pop.nl\/\",\"name\":\"Shop POP\",\"description\":\"Shop POP\",\"potentialAction\":[{\"@type\":\"SearchAction\",\"target\":{\"@type\":\"EntryPoint\",\"urlTemplate\":\"http:\/\/staging.shop-pop.nl\/?s={search_term_string}\"},\"query-input\":\"required name=search_term_string\"}],\"inLanguage\":\"en-US\"}]}<\/script>\n<!-- \/ Yoast SEO plugin. -->","yoast_head_json":{"title":"Logo polo Catclub kids - Shop POP","robots":{"index":"index","follow":"follow","max-snippet":"max-snippet:-1","max-image-preview":"max-image-preview:large","max-video-preview":"max-video-preview:-1"},"canonical":"http:\/\/staging.shop-pop.nl\/en\/product\/logo-polo-catclub-kids\/","og_locale":"en_US","og_type":"article","og_title":"Logo polo Catclub kids - Shop POP","og_description":"Mooie Catclub polo met subtiele logo print op de borst. Mix en match zelf je favoriete kleur polo \u00e9n de kleur van de opdruk. Verkrijgbaar in h\u00e9\u00e9l veel toffe kleuren en in maten mini tot iets minder mini. Bij twijfel, check de maattabel en meet een polo uit de kast op om te vergelijken.","og_url":"http:\/\/staging.shop-pop.nl\/en\/product\/logo-polo-catclub-kids\/","og_site_name":"Shop POP","article_modified_time":"2022-08-15T17:19:40+00:00","og_image":[{"width":1200,"height":1425,"url":"http:\/\/staging.shop-pop.nl\/wp-content\/uploads\/2022\/08\/Catclub_polo5-1.jpg","type":"image\/jpeg"}],"twitter_card":"summary_large_image","schema":{"@context":"https:\/\/schema.org","@graph":[{"@type":"WebPage","@id":"http:\/\/staging.shop-pop.nl\/product\/logo-polo-catclub-kids\/","url":"http:\/\/staging.shop-pop.nl\/product\/logo-polo-catclub-kids\/","name":"Logo polo Catclub kids - Shop POP","isPartOf":{"@id":"http:\/\/staging.shop-pop.nl\/#website"},"datePublished":"2022-08-10T17:06:28+00:00","dateModified":"2022-08-15T17:19:40+00:00","breadcrumb":{"@id":"http:\/\/staging.shop-pop.nl\/product\/logo-polo-catclub-kids\/#breadcrumb"},"inLanguage":"en-US","potentialAction":[{"@type":"ReadAction","target":["http:\/\/staging.shop-pop.nl\/product\/logo-polo-catclub-kids\/"]}]},{"@type":"BreadcrumbList","@id":"http:\/\/staging.shop-pop.nl\/product\/logo-polo-catclub-kids\/#breadcrumb","itemListElement":[{"@type":"ListItem","position":1,"name":"Home","item":"http:\/\/staging.shop-pop.nl\/"},{"@type":"ListItem","position":2,"name":"Shop","item":"http:\/\/staging.shop-pop.nl\/shop\/"},{"@type":"ListItem","position":3,"name":"Logo polo Catclub kids"}]},{"@type":"WebSite","@id":"http:\/\/staging.shop-pop.nl\/#website","url":"http:\/\/staging.shop-pop.nl\/","name":"Shop POP","description":"Shop POP","potentialAction":[{"@type":"SearchAction","target":{"@type":"EntryPoint","urlTemplate":"http:\/\/staging.shop-pop.nl\/?s={search_term_string}"},"query-input":"required name=search_term_string"}],"inLanguage":"en-US"}]}},"_links":{"self":[{"href":"http:\/\/staging.shop-pop.nl\/en\/wp-json\/wp\/v2\/product\/18909"}],"collection":[{"href":"http:\/\/staging.shop-pop.nl\/en\/wp-json\/wp\/v2\/product"}],"about":[{"href":"http:\/\/staging.shop-pop.nl\/en\/wp-json\/wp\/v2\/types\/product"}],"replies":[{"embeddable":true,"href":"http:\/\/staging.shop-pop.nl\/en\/wp-json\/wp\/v2\/comments?post=18909"}],"wp:featuredmedia":[{"embeddable":true,"href":"http:\/\/staging.shop-pop.nl\/en\/wp-json\/wp\/v2\/media\/17358"}],"wp:attachment":[{"href":"http:\/\/staging.shop-pop.nl\/en\/wp-json\/wp\/v2\/media?parent=18909"}],"wp:term":[{"taxonomy":"product_cat","embeddable":true,"href":"http:\/\/staging.shop-pop.nl\/en\/wp-json\/wp\/v2\/product_cat?post=18909"},{"taxonomy":"product_tag","embeddable":true,"href":"http:\/\/staging.shop-pop.nl\/en\/wp-json\/wp\/v2\/product_tag?post=18909"}],"curies":[{"name":"wp","href":"https:\/\/api.w.org\/{rel}","templated":true}]}}